{"id":6,"date":"2012-10-27T20:21:28","date_gmt":"2012-10-27T18:21:28","guid":{"rendered":"http:\/\/saffer-online.de\/wp\/?page_id=6"},"modified":"2023-01-03T20:18:12","modified_gmt":"2023-01-03T19:18:12","slug":"uber-uns","status":"publish","type":"page","link":"https:\/\/www.saffer-online.de\/?page_id=6","title":{"rendered":"\u00dcber uns"},"content":{"rendered":"\t\t<div data-elementor-type=\"wp-page\" data-elementor-id=\"6\" class=\"elementor elementor-6\">\n\t\t\t\t\t\t<section class=\"elementor-section elementor-top-section elementor-element elementor-element-64115d80 elementor-section-boxed elementor-section-height-default elementor-section-height-default\" data-id=\"64115d80\" data-element_type=\"section\" data-e-type=\"section\">\n\t\t\t\t\t\t<div class=\"elementor-container elementor-column-gap-default\">\n\t\t\t\t\t<div class=\"elementor-column elementor-col-100 elementor-top-column elementor-element elementor-element-40efae33\" data-id=\"40efae33\" data-element_type=\"column\" data-e-type=\"column\">\n\t\t\t<div class=\"elementor-widget-wrap elementor-element-populated\">\n\t\t\t\t\t\t<div class=\"elementor-element elementor-element-71fa3be0 elementor-widget elementor-widget-text-editor\" data-id=\"71fa3be0\" data-element_type=\"widget\" data-e-type=\"widget\" data-widget_type=\"text-editor.default\">\n\t\t\t\t<div class=\"elementor-widget-container\">\n\t\t\t\t\t\t\t\t\t<p>Seit nunmehr \u00fcber 25 Jahren ist der Familienbetrieb Motorger\u00e4te Saffer GmbH in Burscheid die richtige Adresse wenn es um Garten- , Forst- und Grundst\u00fcckspflegemaschinen geht.<\/p>\n<p>An unserem neuen Standort im Gewerbegebiet Linde direkt an der B51 verf\u00fcgen wir \u00fcber 300 m\u00b2 Ausstellungsfl\u00e4che, ein gro\u00dfes Ersatzteillager und eine moderne Werkstatt um Sie professionell bedienen zu k\u00f6nnen.<\/p>\n<p><code>\t\t\t\t\t\t<div class=\"gallery_box_single\">\n\t\t\t\t\t\t\t\t\t\t\t\t\t\t\t<div class=\"gallery gllr_grid\" data-gllr-columns=\"3\" data-gllr-border-width=\"10\">\n\t\t\t\t\t\t\t\t\t\t\t\t\t\t\t\t\t\t\t\t<div class=\"gllr_image_row\">\n\t\t\t\t\t\t\t\t\t\t\t\t\t\t\t\t\t\t\t\t\t<div class=\"gllr_image_block\">\n\t\t\t\t\t\t\t\t\t\t\t\t<p style=\"\n\t\t\t\t\t\t\t\t\t\t\t\twidth:180px;height:140px;\t\t\t\t\t\t\t\t\t\t\t\t\">\n\t\t\t\t\t\t\t\t\t\t\t\t\t\t\t\t\t\t\t\t\t\t\t\t\t\t\t\t<a data-fancybox=\"gallery_fancybox_49\" href=\"https:\/\/www.saffer-online.de\/wp\/wp-content\/uploads\/2012\/12\/DSC_005650bb5e221100f.JPG\" title=\"\" >\n\t\t\t\t\t\t\t\t\t\t\t\t\t\t\t\t<img decoding=\"async\" width=&quot;160&quot; height=&quot;120&quot; style=\"width:160px; height:120px; border-width: 10px; border-color:#F1F1F1;border: 10px solid #F1F1F1\" alt=\"\" title=\"\" src=\"https:\/\/www.saffer-online.de\/wp\/wp-content\/uploads\/2012\/12\/DSC_005650bb5e221100f-160x120.jpg\" rel=\"https:\/\/www.saffer-online.de\/wp\/wp-content\/uploads\/2012\/12\/DSC_005650bb5e221100f.JPG\" \/>\t\t\t\t\t\t\t\t\t\t\t\t\t\t\t<\/a>\n\t\t\t\t\t\t\t\t\t\t\t\t\t\t\t\t\t\t\t\t\t\t\t\t\t\t<\/p>\n\t\t\t\t\t\t\t\t\t\t\t\t\t\t\t\t\t\t\t\t\t\t\t\t\t<div \n\t\t\t\t\t\t\t\t\t\t\t\t\tstyle=\"width:180px;\"\t\t\t\t\t\t\t\t\t\t\t\t\tclass=\"gllr_single_image_text gllr_single_image_text_under\">&nbsp;<\/div>\n\t\t\t\t\t\t\t\t\t\t\t\t\t\t\t\t\t\t\t\t\t\t\t<\/div><!-- .gllr_image_block -->\n\t\t\t\t\t\t\t\t\t\t\t\t\t\t\t\t\t\t\t\t\t<div class=\"gllr_image_block\">\n\t\t\t\t\t\t\t\t\t\t\t\t<p style=\"\n\t\t\t\t\t\t\t\t\t\t\t\twidth:180px;height:140px;\t\t\t\t\t\t\t\t\t\t\t\t\">\n\t\t\t\t\t\t\t\t\t\t\t\t\t\t\t\t\t\t\t\t\t\t\t\t\t\t\t\t<a data-fancybox=\"gallery_fancybox_49\" href=\"https:\/\/www.saffer-online.de\/wp\/wp-content\/uploads\/2012\/12\/DSC_0087.JPG\" title=\"\" >\n\t\t\t\t\t\t\t\t\t\t\t\t\t\t\t\t<img decoding=\"async\" width=&quot;160&quot; height=&quot;120&quot; style=\"width:160px; height:120px; border-width: 10px; border-color:#F1F1F1;border: 10px solid #F1F1F1\" alt=\"\" title=\"\" src=\"https:\/\/www.saffer-online.de\/wp\/wp-content\/uploads\/2012\/12\/DSC_0087-160x120.jpg\" rel=\"https:\/\/www.saffer-online.de\/wp\/wp-content\/uploads\/2012\/12\/DSC_0087.JPG\" \/>\t\t\t\t\t\t\t\t\t\t\t\t\t\t\t<\/a>\n\t\t\t\t\t\t\t\t\t\t\t\t\t\t\t\t\t\t\t\t\t\t\t\t\t\t<\/p>\n\t\t\t\t\t\t\t\t\t\t\t\t\t\t\t\t\t\t\t\t\t\t\t\t\t<div \n\t\t\t\t\t\t\t\t\t\t\t\t\tstyle=\"width:180px;\"\t\t\t\t\t\t\t\t\t\t\t\t\tclass=\"gllr_single_image_text gllr_single_image_text_under\">&nbsp;<\/div>\n\t\t\t\t\t\t\t\t\t\t\t\t\t\t\t\t\t\t\t\t\t\t\t<\/div><!-- .gllr_image_block -->\n\t\t\t\t\t\t\t\t\t\t\t\t\t\t\t\t\t\t\t\t\t<div class=\"gllr_image_block\">\n\t\t\t\t\t\t\t\t\t\t\t\t<p style=\"\n\t\t\t\t\t\t\t\t\t\t\t\twidth:180px;height:140px;\t\t\t\t\t\t\t\t\t\t\t\t\">\n\t\t\t\t\t\t\t\t\t\t\t\t\t\t\t\t\t\t\t\t\t\t\t\t\t\t\t\t<a data-fancybox=\"gallery_fancybox_49\" href=\"https:\/\/www.saffer-online.de\/wp\/wp-content\/uploads\/2012\/12\/DSC_0058.JPG\" title=\"\" >\n\t\t\t\t\t\t\t\t\t\t\t\t\t\t\t\t<img decoding=\"async\" width=&quot;160&quot; height=&quot;120&quot; style=\"width:160px; height:120px; border-width: 10px; border-color:#F1F1F1;border: 10px solid #F1F1F1\" alt=\"\" title=\"\" src=\"https:\/\/www.saffer-online.de\/wp\/wp-content\/uploads\/2012\/12\/DSC_0058-160x120.jpg\" rel=\"https:\/\/www.saffer-online.de\/wp\/wp-content\/uploads\/2012\/12\/DSC_0058.JPG\" \/>\t\t\t\t\t\t\t\t\t\t\t\t\t\t\t<\/a>\n\t\t\t\t\t\t\t\t\t\t\t\t\t\t\t\t\t\t\t\t\t\t\t\t\t\t<\/p>\n\t\t\t\t\t\t\t\t\t\t\t\t\t\t\t\t\t\t\t\t\t\t\t\t\t<div \n\t\t\t\t\t\t\t\t\t\t\t\t\tstyle=\"width:180px;\"\t\t\t\t\t\t\t\t\t\t\t\t\tclass=\"gllr_single_image_text gllr_single_image_text_under\">&nbsp;<\/div>\n\t\t\t\t\t\t\t\t\t\t\t\t\t\t\t\t\t\t\t\t\t\t\t<\/div><!-- .gllr_image_block -->\n\t\t\t\t\t\t\t\t\t\t\t\t\t\t\t\t\t\t\t\t\t<\/div><!-- .gllr_image_row -->\n\t\t\t\t\t\t\t\t\t\t\t\t\t\t\t\t\t\t\t<\/div><!-- .gallery.clearfix -->\n\t\t\t\t\t\t\t\t\t\t\t\t\t\t<\/div><!-- .gallery_box_single -->\n\t\t\t\t\t\t<div class=\"gllr_clear\"><\/div>\n\t\t\t\t\t\t<\/code><\/p>\n<p>Sowohl das pers\u00f6nliche Beratungsgespr\u00e4ch und auf den Kunden individuell zugeschnittene L\u00f6sungen, als auch ein umfassender Service nach dem Kauf zeichnen uns aus.<\/p>\n<p>Wir bieten Ihnen Reparatur- und Ersatzteilservice f\u00fcr viele Marken und sind dar\u00fcber hinaus durch unser umfangreiches Know-How in der Lage auch f\u00fcr \u00e4ltere und exotische Ger\u00e4te wirtschaftliche und schnelle Reparaturl\u00f6sungen zu finden, auch wenn mal ein Ersatzteil nicht mehr lieferbar ist.<\/p>\n<p><strong>Ein Liefer- und Abholservice<\/strong> sowie ein Leihmaschinenservice f\u00fcr defekte Ger\u00e4te sind bei uns selbstverst\u00e4ndlich. Dies wissen unsere langj\u00e4hrigen Stammkunden, die t\u00e4glich auf ihre Maschinen angewiesen sind, sehr zu sch\u00e4tzen.<\/p>\n<p>\u00dcberzeugen Sie sich von unserem freundlichen Service bei einem Besuch in unseren Gesch\u00e4ftsr\u00e4umen im Gewerbegebiet Linde in Burscheid.<\/p>\t\t\t\t\t\t\t\t<\/div>\n\t\t\t\t<\/div>\n\t\t\t\t\t<\/div>\n\t\t<\/div>\n\t\t\t\t\t<\/div>\n\t\t<\/section>\n\t\t\t\t<\/div>\n\t\t","protected":false},"excerpt":{"rendered":"<p>Seit nunmehr \u00fcber 25 Jahren ist der Familienbetrieb Motorger\u00e4te Saffer GmbH in Burscheid die richtige Adresse wenn es um Garten- , Forst- und Grundst\u00fcckspflegemaschinen geht. An unserem neuen Standort im Gewerbegebiet Linde direkt an der B51 verf\u00fcgen wir \u00fcber 300 &hellip; <a href=\"https:\/\/www.saffer-online.de\/?gallery=sortiment\">Weiterlesen <span class=\"meta-nav\">&rarr;<\/span><\/a><\/p>\n","protected":false},"author":1,"featured_media":0,"parent":0,"menu_order":0,"comment_status":"closed","ping_status":"closed","template":"","meta":{"footnotes":""},"class_list":["post-6","page","type-page","status-publish","hentry"],"_links":{"self":[{"href":"https:\/\/www.saffer-online.de\/index.php?rest_route=\/wp\/v2\/pages\/6","targetHints":{"allow":["GET"]}}],"collection":[{"href":"https:\/\/www.saffer-online.de\/index.php?rest_route=\/wp\/v2\/pages"}],"about":[{"href":"https:\/\/www.saffer-online.de\/index.php?rest_route=\/wp\/v2\/types\/page"}],"author":[{"embeddable":true,"href":"https:\/\/www.saffer-online.de\/index.php?rest_route=\/wp\/v2\/users\/1"}],"replies":[{"embeddable":true,"href":"https:\/\/www.saffer-online.de\/index.php?rest_route=%2Fwp%2Fv2%2Fcomments&post=6"}],"version-history":[{"count":11,"href":"https:\/\/www.saffer-online.de\/index.php?rest_route=\/wp\/v2\/pages\/6\/revisions"}],"predecessor-version":[{"id":273,"href":"https:\/\/www.saffer-online.de\/index.php?rest_route=\/wp\/v2\/pages\/6\/revisions\/273"}],"wp:attachment":[{"href":"https:\/\/www.saffer-online.de\/index.php?rest_route=%2Fwp%2Fv2%2Fmedia&parent=6"}],"curies":[{"name":"wp","href":"https:\/\/api.w.org\/{rel}","templated":true}]}}