{"id":4,"date":"2012-10-27T20:21:05","date_gmt":"2012-10-27T18:21:05","guid":{"rendered":"http:\/\/saffer-online.de\/wp\/?page_id=4"},"modified":"2021-04-24T21:52:46","modified_gmt":"2021-04-24T20:52:46","slug":"service","status":"publish","type":"page","link":"https:\/\/www.saffer-online.de\/?page_id=4","title":{"rendered":"Service"},"content":{"rendered":"\t\t<div data-elementor-type=\"wp-page\" data-elementor-id=\"4\" class=\"elementor elementor-4\">\n\t\t\t\t\t\t<section class=\"elementor-section elementor-top-section elementor-element elementor-element-9d3cce3 elementor-section-boxed elementor-section-height-default elementor-section-height-default\" data-id=\"9d3cce3\" data-element_type=\"section\" data-e-type=\"section\">\n\t\t\t\t\t\t<div class=\"elementor-container elementor-column-gap-default\">\n\t\t\t\t\t<div class=\"elementor-column elementor-col-100 elementor-top-column elementor-element elementor-element-961cf2d\" data-id=\"961cf2d\" data-element_type=\"column\" data-e-type=\"column\">\n\t\t\t<div class=\"elementor-widget-wrap elementor-element-populated\">\n\t\t\t\t\t\t<div class=\"elementor-element elementor-element-e15d568 elementor-widget elementor-widget-text-editor\" data-id=\"e15d568\" data-element_type=\"widget\" data-e-type=\"widget\" data-widget_type=\"text-editor.default\">\n\t\t\t\t<div class=\"elementor-widget-container\">\n\t\t\t\t\t\t\t\t\t<p>Eine freundliche und fundierte Beratung, sowie eine ausf\u00fchrliche Einweisung sind bei uns selbstverst\u00e4ndlich, damit Sie lange Jahre Freude mit Ihrer Maschine und verl\u00e4ssliche Betriebssicherheit haben.<\/p>\t\t\t\t\t\t\t\t<\/div>\n\t\t\t\t<\/div>\n\t\t\t\t\t<\/div>\n\t\t<\/div>\n\t\t\t\t\t<\/div>\n\t\t<\/section>\n\t\t\t\t<section class=\"elementor-section elementor-top-section elementor-element elementor-element-2e71d51 elementor-section-boxed elementor-section-height-default elementor-section-height-default\" data-id=\"2e71d51\" data-element_type=\"section\" data-e-type=\"section\">\n\t\t\t\t\t\t<div class=\"elementor-container elementor-column-gap-default\">\n\t\t\t\t\t<div class=\"elementor-column elementor-col-100 elementor-top-column elementor-element elementor-element-c43f91b\" data-id=\"c43f91b\" data-element_type=\"column\" data-e-type=\"column\">\n\t\t\t<div class=\"elementor-widget-wrap elementor-element-populated\">\n\t\t\t\t\t\t<div class=\"elementor-element elementor-element-5b570e7 elementor-widget elementor-widget-heading\" data-id=\"5b570e7\" data-element_type=\"widget\" data-e-type=\"widget\" data-widget_type=\"heading.default\">\n\t\t\t\t<div class=\"elementor-widget-container\">\n\t\t\t\t\t<h2 class=\"elementor-heading-title elementor-size-default\"><strong>Verkauf und Beratung f\u00fcr viele Marken u.a.<\/strong><\/h2>\t\t\t\t<\/div>\n\t\t\t\t<\/div>\n\t\t\t\t\t<\/div>\n\t\t<\/div>\n\t\t\t\t\t<\/div>\n\t\t<\/section>\n\t\t\t\t<section class=\"elementor-section elementor-top-section elementor-element elementor-element-6666c13a elementor-section-boxed elementor-section-height-default elementor-section-height-default\" data-id=\"6666c13a\" data-element_type=\"section\" data-e-type=\"section\">\n\t\t\t\t\t\t<div class=\"elementor-container elementor-column-gap-default\">\n\t\t\t\t\t<div class=\"elementor-column elementor-col-100 elementor-top-column elementor-element elementor-element-28591c08\" data-id=\"28591c08\" data-element_type=\"column\" data-e-type=\"column\">\n\t\t\t<div class=\"elementor-widget-wrap elementor-element-populated\">\n\t\t\t\t\t\t<div class=\"elementor-element elementor-element-186f9b79 elementor-widget elementor-widget-text-editor\" data-id=\"186f9b79\" data-element_type=\"widget\" data-e-type=\"widget\" data-widget_type=\"text-editor.default\">\n\t\t\t\t<div class=\"elementor-widget-container\">\n\t\t\t\t\t\t\t\t\t<p><\/p>\n<p><strong>&nbsp;<\/strong><a href=\"http:\/\/www.honda.de\/lawn-and-garden.html\" target=\"_blank\" rel=\"noopener\"><img decoding=\"async\" class=\"alignleft wp-image-77 size-full\" title=\"nur_Honda\" src=\"https:\/\/saffer-online.de\/wp\/wp-content\/uploads\/2012\/10\/nur_Honda-e1354473332550.jpg\" alt=\"\" width=\"200\" height=\"59\"><\/a>Rasenm\u00e4her, Rasentraktoren, Schneefr\u00e4sen und Allwegtransporter, Motorsensen, Heckenscheren, Blasger\u00e4te, Motorhacken, Einachsschlepper, Stromerzeuger, Miimo\u00ae, etc&#8230;<\/p>\n<p><a href=\"http:\/\/www.stihl.de\/produkte.aspx\" target=\"_blank\" rel=\"noopener\"><img decoding=\"async\" class=\"alignleft size-full wp-image-74\" title=\"nur_Stihl\" src=\"https:\/\/saffer-online.de\/wp\/wp-content\/uploads\/2012\/10\/nur_Stihl-e1354473397888.jpg\" alt=\"\" width=\"200\" height=\"59\"><\/a>Motors\u00e4gen, Kombisysteme, Freischneider, Heckenscheren, Reinigungsger\u00e4te, Blasger\u00e4te und Saugh\u00e4cksler, Erdbohrger\u00e4te, Schutzausstattung, Werkzeuge und Forstzubeh\u00f6r, etc&#8230;<\/p>\n<p><a href=\"http:\/\/www.husqvarna.com\/de\/products\/\" target=\"_blank\" rel=\"noopener\"><img decoding=\"async\" class=\"alignleft wp-image-75\" title=\"nur_husqvarna\" src=\"https:\/\/saffer-online.de\/wp\/wp-content\/uploads\/2012\/10\/nur_husqvarna-e1354473456278.jpg\" alt=\"\" width=\"200\" height=\"47\"><\/a>Motors\u00e4gen, Rasenm\u00e4her, Gartentraktoren, Rider, Motorsensen, Heckenscheren, Blasger\u00e4te, Motorhacken, Automower\u00ae, Schneefr\u00e4sen, Forstzubeh\u00f6r, etc&#8230;<\/p>\n<p><a href=\"https:\/\/sabo-online.com\/\" target=\"_blank\" rel=\"noopener\"><img loading=\"lazy\" decoding=\"async\" class=\"alignleft size-full wp-image-98\" title=\"nur_sabo\" src=\"https:\/\/saffer-online.de\/wp\/wp-content\/uploads\/2012\/10\/nur_sabo2.jpg\" alt=\"\" width=\"200\" height=\"94\"><\/a><\/p>\n<p>Rasenm\u00e4her, Vertikutierer, Rasentraktoren, Profim\u00e4her, Mulchm\u00e4her, etc&#8230;<\/p>\n<p><\/p>\t\t\t\t\t\t\t\t<\/div>\n\t\t\t\t<\/div>\n\t\t\t\t\t<\/div>\n\t\t<\/div>\n\t\t\t\t\t<\/div>\n\t\t<\/section>\n\t\t\t\t<section class=\"elementor-section elementor-top-section elementor-element elementor-element-73be41e elementor-section-boxed elementor-section-height-default elementor-section-height-default\" data-id=\"73be41e\" data-element_type=\"section\" data-e-type=\"section\">\n\t\t\t\t\t\t<div class=\"elementor-container elementor-column-gap-default\">\n\t\t\t\t\t<div class=\"elementor-column elementor-col-100 elementor-top-column elementor-element elementor-element-9819f2f\" data-id=\"9819f2f\" data-element_type=\"column\" data-e-type=\"column\">\n\t\t\t<div class=\"elementor-widget-wrap elementor-element-populated\">\n\t\t\t\t\t\t<div class=\"elementor-element elementor-element-c03eab6 elementor-widget elementor-widget-text-editor\" data-id=\"c03eab6\" data-element_type=\"widget\" data-e-type=\"widget\" data-widget_type=\"text-editor.default\">\n\t\t\t\t<div class=\"elementor-widget-container\">\n\t\t\t\t\t\t\t\t\t<p>Wir bieten Ihnen einen <strong>Reparatur- und Ersatzteilservice<\/strong> f\u00fcr viele Marken und sind dar\u00fcber hinaus durch unser umfangreiches Know-How in der Lage, auch f\u00fcr \u00e4ltere und exotische Ger\u00e4te wirtschaftliche und schnelle Reparaturl\u00f6sungen zu finden &#8211; auch wenn mal ein Ersatzteil nicht mehr lieferbar ist.<\/p><p><strong>Ein Liefer- und Abholservice<\/strong> sowie ein Leihmaschinenservice f\u00fcr defekte Ger\u00e4te sind bei uns selbstverst\u00e4ndlich. Dies wissen unsere langj\u00e4hrigen Stammkunden, die t\u00e4glich auf ihre Maschinen angewiesen sind, sehr zu sch\u00e4tzen.<\/p><p>Unsere Techniker\/Meister bilden sich fortlaufend weiter um immer auf dem aktuellen Stand der Technik zu sein.<\/p>\t\t\t\t\t\t\t\t<\/div>\n\t\t\t\t<\/div>\n\t\t\t\t\t<\/div>\n\t\t<\/div>\n\t\t\t\t\t<\/div>\n\t\t<\/section>\n\t\t\t\t<\/div>\n\t\t","protected":false},"excerpt":{"rendered":"<p>Eine freundliche und fundierte Beratung, sowie eine ausf\u00fchrliche Einweisung sind bei uns selbstverst\u00e4ndlich, damit Sie lange Jahre Freude mit Ihrer Maschine und verl\u00e4ssliche Betriebssicherheit haben. Verkauf und Beratung f\u00fcr viele Marken u.a. &nbsp;Rasenm\u00e4her, Rasentraktoren, Schneefr\u00e4sen und Allwegtransporter, Motorsensen, Heckenscheren, Blasger\u00e4te, &hellip; <a href=\"https:\/\/www.saffer-online.de\/?page_id=4\">Weiterlesen <span class=\"meta-nav\">&rarr;<\/span><\/a><\/p>\n","protected":false},"author":1,"featured_media":0,"parent":0,"menu_order":0,"comment_status":"closed","ping_status":"closed","template":"","meta":{"footnotes":""},"class_list":["post-4","page","type-page","status-publish","hentry"],"_links":{"self":[{"href":"https:\/\/www.saffer-online.de\/index.php?rest_route=\/wp\/v2\/pages\/4","targetHints":{"allow":["GET"]}}],"collection":[{"href":"https:\/\/www.saffer-online.de\/index.php?rest_route=\/wp\/v2\/pages"}],"about":[{"href":"https:\/\/www.saffer-online.de\/index.php?rest_route=\/wp\/v2\/types\/page"}],"author":[{"embeddable":true,"href":"https:\/\/www.saffer-online.de\/index.php?rest_route=\/wp\/v2\/users\/1"}],"replies":[{"embeddable":true,"href":"https:\/\/www.saffer-online.de\/index.php?rest_route=%2Fwp%2Fv2%2Fcomments&post=4"}],"version-history":[{"count":43,"href":"https:\/\/www.saffer-online.de\/index.php?rest_route=\/wp\/v2\/pages\/4\/revisions"}],"predecessor-version":[{"id":211,"href":"https:\/\/www.saffer-online.de\/index.php?rest_route=\/wp\/v2\/pages\/4\/revisions\/211"}],"wp:attachment":[{"href":"https:\/\/www.saffer-online.de\/index.php?rest_route=%2Fwp%2Fv2%2Fmedia&parent=4"}],"curies":[{"name":"wp","href":"https:\/\/api.w.org\/{rel}","templated":true}]}}