{"id":23,"date":"2012-10-28T22:17:55","date_gmt":"2012-10-28T21:17:55","guid":{"rendered":"http:\/\/saffer-online.de\/wp\/?page_id=23"},"modified":"2021-09-27T09:42:56","modified_gmt":"2021-09-27T08:42:56","slug":"impressum","status":"publish","type":"page","link":"https:\/\/www.saffer-online.de\/?page_id=23","title":{"rendered":"Impressum"},"content":{"rendered":"\t\t<div data-elementor-type=\"wp-page\" data-elementor-id=\"23\" class=\"elementor elementor-23\">\n\t\t\t\t\t\t<section class=\"elementor-section elementor-top-section elementor-element elementor-element-3b071886 elementor-section-boxed elementor-section-height-default elementor-section-height-default\" data-id=\"3b071886\" data-element_type=\"section\" data-e-type=\"section\">\n\t\t\t\t\t\t<div class=\"elementor-container elementor-column-gap-default\">\n\t\t\t\t\t<div class=\"elementor-column elementor-col-100 elementor-top-column elementor-element elementor-element-63c440b1\" data-id=\"63c440b1\" data-element_type=\"column\" data-e-type=\"column\">\n\t\t\t<div class=\"elementor-widget-wrap elementor-element-populated\">\n\t\t\t\t\t\t<div class=\"elementor-element elementor-element-27f60805 elementor-widget elementor-widget-text-editor\" data-id=\"27f60805\" data-element_type=\"widget\" data-e-type=\"widget\" data-widget_type=\"text-editor.default\">\n\t\t\t\t<div class=\"elementor-widget-container\">\n\t\t\t\t\t\t\t\t\t<p>Motorger\u00e4te Saffer GmbH<br \/><br \/>Sitz der Gesellschaft Burscheid<br \/>Zust\u00e4ndiges Amtsgericht K\u00f6ln<br \/>HRB 107079 <br \/>Gesch\u00e4ftsf\u00fchrer Christoph Saffer<\/p><p>Linde 12<br \/>51399 Burscheid<br \/>02174\/61146<\/p><p>info@saffer-online.de<\/p>\t\t\t\t\t\t\t\t<\/div>\n\t\t\t\t<\/div>\n\t\t\t\t\t<\/div>\n\t\t<\/div>\n\t\t\t\t\t<\/div>\n\t\t<\/section>\n\t\t\t\t<\/div>\n\t\t","protected":false},"excerpt":{"rendered":"<p>Motorger\u00e4te Saffer GmbH Sitz der Gesellschaft BurscheidZust\u00e4ndiges Amtsgericht K\u00f6lnHRB 107079 Gesch\u00e4ftsf\u00fchrer Christoph Saffer Linde 1251399 Burscheid02174\/61146 info@saffer-online.de<\/p>\n","protected":false},"author":1,"featured_media":0,"parent":0,"menu_order":0,"comment_status":"closed","ping_status":"closed","template":"","meta":{"footnotes":""},"class_list":["post-23","page","type-page","status-publish","hentry"],"_links":{"self":[{"href":"https:\/\/www.saffer-online.de\/index.php?rest_route=\/wp\/v2\/pages\/23","targetHints":{"allow":["GET"]}}],"collection":[{"href":"https:\/\/www.saffer-online.de\/index.php?rest_route=\/wp\/v2\/pages"}],"about":[{"href":"https:\/\/www.saffer-online.de\/index.php?rest_route=\/wp\/v2\/types\/page"}],"author":[{"embeddable":true,"href":"https:\/\/www.saffer-online.de\/index.php?rest_route=\/wp\/v2\/users\/1"}],"replies":[{"embeddable":true,"href":"https:\/\/www.saffer-online.de\/index.php?rest_route=%2Fwp%2Fv2%2Fcomments&post=23"}],"version-history":[{"count":7,"href":"https:\/\/www.saffer-online.de\/index.php?rest_route=\/wp\/v2\/pages\/23\/revisions"}],"predecessor-version":[{"id":218,"href":"https:\/\/www.saffer-online.de\/index.php?rest_route=\/wp\/v2\/pages\/23\/revisions\/218"}],"wp:attachment":[{"href":"https:\/\/www.saffer-online.de\/index.php?rest_route=%2Fwp%2Fv2%2Fmedia&parent=23"}],"curies":[{"name":"wp","href":"https:\/\/api.w.org\/{rel}","templated":true}]}}